{"id":1914,"date":"2021-07-10T22:14:36","date_gmt":"2021-07-10T22:14:36","guid":{"rendered":"https:\/\/vr-solucoes.com\/sobre-nos\/"},"modified":"2023-04-17T12:32:29","modified_gmt":"2023-04-17T12:32:29","slug":"sobre-nosotros","status":"publish","type":"page","link":"https:\/\/vr-solucoes.com\/es\/sobre-nosotros\/","title":{"rendered":"Sobre Nosotros"},"content":{"rendered":"\t\t<div data-elementor-type=\"wp-page\" data-elementor-id=\"1914\" class=\"elementor elementor-1914 elementor-209\">\n\t\t\t\t\t\t\t\t\t<section class=\"elementor-section elementor-top-section elementor-element elementor-element-fcdacc7 elementor-section-full_width elementor-section-height-default elementor-section-height-default\" data-id=\"fcdacc7\" data-element_type=\"section\">\n\t\t\t\t\t\t<div class=\"elementor-container elementor-column-gap-no\">\n\t\t\t\t\t<div class=\"elementor-column elementor-col-100 elementor-top-column elementor-element elementor-element-89427ee\" data-id=\"89427ee\" data-element_type=\"column\">\n\t\t\t<div class=\"elementor-widget-wrap\">\n\t\t\t\t\t\t\t\t\t<\/div>\n\t\t<\/div>\n\t\t\t\t\t\t\t<\/div>\n\t\t<\/section>\n\t\t\t\t<section class=\"elementor-section elementor-top-section elementor-element elementor-element-5d38c5c elementor-section-full_width elementor-section-height-default elementor-section-height-default\" data-id=\"5d38c5c\" data-element_type=\"section\">\n\t\t\t\t\t\t<div class=\"elementor-container elementor-column-gap-no\">\n\t\t\t\t\t<div class=\"elementor-column elementor-col-100 elementor-top-column elementor-element elementor-element-c647e20\" data-id=\"c647e20\" data-element_type=\"column\">\n\t\t\t<div class=\"elementor-widget-wrap elementor-element-populated\">\n\t\t\t\t\t\t\t\t<div class=\"elementor-element elementor-element-5bde1f2 elementor-widget elementor-widget-minterio-started\" data-id=\"5bde1f2\" data-element_type=\"widget\" data-widget_type=\"minterio-started.default\">\n\t\t\t\t<div class=\"elementor-widget-container\">\n\t\t\t\n\t\t<section class=\"pager-section\" style=\"background-image: url(https:\/\/vr-solucoes.com\/wp-content\/themes\/minterio\/assets\/images\/main-banner-bg.jpg);\">\n\t\t\t<div class=\"container\">\n\t\t\t\t<div class=\"pager-info\">\n\t\t\t\t\t<ul class=\"breadcrumb\"><li><a href=\"https:\/\/vr-solucoes.com\/es\/\" title=\"VR Solu\u00e7\u00f5es\">Home<\/a><\/li><li><span><\/span><\/li><\/ul>\t\t\t\t\t\t\t\t\t\t<h2>\n\t\t\t\t\t\t<span >\n\t\t\t\t\t\t\tSobre Nosotros\t\t\t\t\t\t<\/span>\n\t\t\t\t\t<\/h2>\n\t\t\t\t\t\t\t\t\t\t\t\t\t\t<\/div>\n\t\t\t\t<div class=\"pger-imgs\">\n\t\t\t\t\t<div class=\"abt-imgz\">\n\t\t\t\t\t\t\t\t\t\t\t\t<img src=\"\" alt=\"\" \/>\n\t\t\t\t\t\t\t\t\t\t\t\t\t\t\t\t\t\t\t\t\t\t\t\t<img src=\"\" alt=\"\" class=\"sncd-img\" \/>\n\t\t\t\t\t\t\t\t\t\t\t\t\t\t\t\t\t\t\t\t\t\t\t<\/div>\n\t\t\t\t<\/div><!--pger-imgs end-->\n\t\t\t\t<div class=\"clearfix\"><\/div>\n\t\t\t<\/div>\n\t\t<\/section><!--pager-section end-->\n\t\t\n\t\t\t\t<\/div>\n\t\t\t\t<\/div>\n\t\t\t\t<section class=\"elementor-section elementor-inner-section elementor-element elementor-element-d0bda1b elementor-section-boxed elementor-section-height-default elementor-section-height-default\" data-id=\"d0bda1b\" data-element_type=\"section\">\n\t\t\t\t\t\t<div class=\"elementor-container elementor-column-gap-default\">\n\t\t\t\t\t<div class=\"elementor-column elementor-col-100 elementor-inner-column elementor-element elementor-element-c5e3c97\" data-id=\"c5e3c97\" data-element_type=\"column\">\n\t\t\t<div class=\"elementor-widget-wrap elementor-element-populated\">\n\t\t\t\t\t\t\t\t<div class=\"elementor-element elementor-element-8b910fc elementor-widget elementor-widget-shortcode\" data-id=\"8b910fc\" data-element_type=\"widget\" data-widget_type=\"shortcode.default\">\n\t\t\t\t<div class=\"elementor-widget-container\">\n\t\t\t\t\t\t<div class=\"elementor-widget-wrap elementor-element-populated aboutPageSectionMargin\">\n\n\t\t\t\t<div class=\"elementor-element sub-title elementor-widget elementor-widget-heading\">\n\t\t\t\t\t<div class=\"elementor-widget-container\">\n\t\t\t\t\t\t<h3 class=\"elementor-heading-title elementor-size-default\">VR Solu\u00e7\u00f5es<\/h3>\n\t\t\t\t\t<\/div>\n\t\t\t\t<\/div>\n\t\t\t\t<div class=\"elementor-element elementor-element-bbed150 elementor-widget elementor-widget-text-editor\">\n\t\t\t\t\t<div class=\"elementor-widget-container\">\n\t\t\t\t\t\t<p>VR Soluciones es la denominaci\u00f3n comercial de la empresa Soluciones1oofim, Ld\u00aa, que act\u00faa en el \u00e1mbito de las representaciones comerciales, y servicios desde 2015, con especial enfoque para los sectores de la hosteler\u00eda, restauraci\u00f3n, tiendas, servicios, profesionales, salud, casa y jard\u00edn.<\/p>\n<p>VR Solutions se ha asociado con empresas s\u00f3lidas y experimentadas a nivel nacional y europeo y ha diversificado su oferta para satisfacer las necesidades del mercado.<\/p>\n<p>Buscamos estar a la vanguardia de las m\u00e1s avanzadas tecnolog\u00edas y de productos que se diferencien por la calidad y sobre todo, eficacia en la respuesta a sus necesidades.<\/p>\n<p>Somos un socio para su proyecto de inversi\u00f3n o negocio, donde podr\u00e1 encontrar un conjunto muy completo de soluciones, buscando satisfacer todas sus necesidades.<\/p>\n<p>Desde el desarrollo del concepto de su empresa, consultor\u00eda de viabilidad del proyecto, pasando por el dise\u00f1o de interiores, decoraci\u00f3n, se\u00f1alizaci\u00f3n interior y exterior, muebles, textiles, accesorios, control de accesos, tecnolog\u00edas de comunicaci\u00f3n, wifi, y software&#8230; estaremos encantados de entregarle la clave del \u00e9xito de su empresa.<\/p>\n<p>Disponemos de un conjunto de socios que act\u00faan al m\u00e1s alto nivel internacional, en las diversas \u00e1reas de actuaci\u00f3n de un proyecto, proporcion\u00e1ndole que a trav\u00e9s de un \u00fanico interlocutor encuentre las soluciones que mejor encajen en su nuevo proyecto.<\/p>\n<p>VR Soluciones se propone ser su socio en la ejecuci\u00f3n de su proyecto con las soluciones cualitativas adecuadas a cada fase de desarrollo del mismo.<\/p>\n<p>\u00a1Cons\u00faltenos!<\/p>\n\t\t\t\t\t<\/div>\n\t\t\t\t<\/div>\n\t\t\t\t<div class=\"elementor-element elementor-element-493b91a elementor-widget elementor-widget-image-gallery aboutPageSectionGallery\">\n\t\t\t\t\t<div class=\"elementor-widget-container\">\n\t\t\t\t\t\t<div class=\"elementor-image-gallery\">\n\t\t\t\t\t\t\t<div class=\"gallery galleryid-209 flexAlign gallery-columns-4 gallery-size-large\">\n\t\t\t\t\t\t\t\t\t\t\t\t\t\t\t<\/div>\n\t\t\t\t\t\t<\/div>\n\t\t\t\t\t<\/div>\n\t\t\t\t<\/div>\n\t\t\t<\/div>\n\n\n\t\t<div class=\"elementor-shortcode\"><\/div>\n\t\t\t\t<\/div>\n\t\t\t\t<\/div>\n\t\t\t\t\t<\/div>\n\t\t<\/div>\n\t\t\t\t\t\t\t<\/div>\n\t\t<\/section>\n\t\t\t\t<section class=\"elementor-section elementor-inner-section elementor-element elementor-element-9020e83 elementor-section-boxed elementor-section-height-default elementor-section-height-default\" data-id=\"9020e83\" data-element_type=\"section\">\n\t\t\t\t\t\t<div class=\"elementor-container elementor-column-gap-default\">\n\t\t\t\t\t<div class=\"elementor-column elementor-col-100 elementor-inner-column elementor-element elementor-element-7d7394a\" data-id=\"7d7394a\" data-element_type=\"column\">\n\t\t\t<div class=\"elementor-widget-wrap elementor-element-populated\">\n\t\t\t\t\t\t\t\t<div class=\"elementor-element elementor-element-e28b1e1 elementor-widget elementor-widget-shortcode\" data-id=\"e28b1e1\" data-element_type=\"widget\" data-widget_type=\"shortcode.default\">\n\t\t\t\t<div class=\"elementor-widget-container\">\n\t\t\t\t\n\t\t\t\t<div class=\"partners\">\n\t\t\t\t\t\t\t\t<\/div>\n\t\t\n\t\t\t\t\t\n\t\t\t<div class=\"elementor-shortcode\"><\/div>\n\t\t\t\t<\/div>\n\t\t\t\t<\/div>\n\t\t\t\t\t<\/div>\n\t\t<\/div>\n\t\t\t\t\t\t\t<\/div>\n\t\t<\/section>\n\t\t\t\t\t<\/div>\n\t\t<\/div>\n\t\t\t\t\t\t\t<\/div>\n\t\t<\/section>\n\t\t\t\t\t\t\t<\/div>\n\t\t","protected":false},"excerpt":{"rendered":"<p>Home Sobre Nosotros<\/p>\n","protected":false},"author":1,"featured_media":1755,"parent":0,"menu_order":0,"comment_status":"closed","ping_status":"closed","template":"about_template.php","meta":[],"acf":[],"yoast_head":"<!-- This site is optimized with the Yoast SEO plugin v19.9 - https:\/\/yoast.com\/wordpress\/plugins\/seo\/ -->\n<title>Asesoria de Inversiones - \u00a1Descubra c\u00f3mo Mejorar su Negocio!<\/title>\n<meta name=\"description\" content=\"\u00a1Desde el desarrollo del concepto de su empresa, pasando por el dise\u00f1o de interiores, la se\u00f1alizaci\u00f3n hasta la implementaci\u00f3n completa, VR Solu\u00e7\u00f5es encuentra todas las respuestas para su negocio!\" \/>\n<meta name=\"robots\" content=\"index, follow, max-snippet:-1, max-image-preview:large, max-video-preview:-1\" \/>\n<link rel=\"canonical\" href=\"https:\/\/vr-solucoes.com\/es\/sobre-nosotros\/\" \/>\n<meta property=\"og:locale\" content=\"es_ES\" \/>\n<meta property=\"og:type\" content=\"article\" \/>\n<meta property=\"og:title\" content=\"Asesoria de Inversiones - \u00a1Descubra c\u00f3mo Mejorar su Negocio!\" \/>\n<meta property=\"og:description\" content=\"\u00a1Desde el desarrollo del concepto de su empresa, pasando por el dise\u00f1o de interiores, la se\u00f1alizaci\u00f3n hasta la implementaci\u00f3n completa, VR Solu\u00e7\u00f5es encuentra todas las respuestas para su negocio!\" \/>\n<meta property=\"og:url\" content=\"https:\/\/vr-solucoes.com\/es\/sobre-nosotros\/\" \/>\n<meta property=\"og:site_name\" content=\"VR Solu\u00e7\u00f5es\" \/>\n<meta property=\"article:modified_time\" content=\"2023-04-17T12:32:29+00:00\" \/>\n<meta property=\"og:image\" content=\"https:\/\/vr-solucoes.com\/wp-content\/uploads\/2022\/10\/cropped-logo_custom_icon_2.png\" \/>\n\t<meta property=\"og:image:width\" content=\"512\" \/>\n\t<meta property=\"og:image:height\" content=\"512\" \/>\n\t<meta property=\"og:image:type\" content=\"image\/png\" \/>\n<meta name=\"twitter:card\" content=\"summary_large_image\" \/>\n<meta name=\"twitter:label1\" content=\"Tiempo de lectura\" \/>\n\t<meta name=\"twitter:data1\" content=\"3 minutos\" \/>\n<script type=\"application\/ld+json\" class=\"yoast-schema-graph\">{\"@context\":\"https:\/\/schema.org\",\"@graph\":[{\"@type\":\"WebPage\",\"@id\":\"https:\/\/vr-solucoes.com\/es\/sobre-nosotros\/\",\"url\":\"https:\/\/vr-solucoes.com\/es\/sobre-nosotros\/\",\"name\":\"Asesoria de Inversiones - \u00a1Descubra c\u00f3mo Mejorar su Negocio!\",\"isPartOf\":{\"@id\":\"https:\/\/vr-solucoes.com\/#website\"},\"datePublished\":\"2021-07-10T22:14:36+00:00\",\"dateModified\":\"2023-04-17T12:32:29+00:00\",\"description\":\"\u00a1Desde el desarrollo del concepto de su empresa, pasando por el dise\u00f1o de interiores, la se\u00f1alizaci\u00f3n hasta la implementaci\u00f3n completa, VR Solu\u00e7\u00f5es encuentra todas las respuestas para su negocio!\",\"breadcrumb\":{\"@id\":\"https:\/\/vr-solucoes.com\/es\/sobre-nosotros\/#breadcrumb\"},\"inLanguage\":\"es\",\"potentialAction\":[{\"@type\":\"ReadAction\",\"target\":[\"https:\/\/vr-solucoes.com\/es\/sobre-nosotros\/\"]}]},{\"@type\":\"BreadcrumbList\",\"@id\":\"https:\/\/vr-solucoes.com\/es\/sobre-nosotros\/#breadcrumb\",\"itemListElement\":[{\"@type\":\"ListItem\",\"position\":1,\"name\":\"Home\",\"item\":\"https:\/\/vr-solucoes.com\/es\/\"},{\"@type\":\"ListItem\",\"position\":2,\"name\":\"Sobre Nosotros\"}]},{\"@type\":\"WebSite\",\"@id\":\"https:\/\/vr-solucoes.com\/#website\",\"url\":\"https:\/\/vr-solucoes.com\/\",\"name\":\"VR Solu\u00e7\u00f5es\",\"description\":\"\",\"potentialAction\":[{\"@type\":\"SearchAction\",\"target\":{\"@type\":\"EntryPoint\",\"urlTemplate\":\"https:\/\/vr-solucoes.com\/?s={search_term_string}\"},\"query-input\":\"required name=search_term_string\"}],\"inLanguage\":\"es\"}]}<\/script>\n<!-- \/ Yoast SEO plugin. -->","yoast_head_json":{"title":"Asesoria de Inversiones - \u00a1Descubra c\u00f3mo Mejorar su Negocio!","description":"\u00a1Desde el desarrollo del concepto de su empresa, pasando por el dise\u00f1o de interiores, la se\u00f1alizaci\u00f3n hasta la implementaci\u00f3n completa, VR Solu\u00e7\u00f5es encuentra todas las respuestas para su negocio!","robots":{"index":"index","follow":"follow","max-snippet":"max-snippet:-1","max-image-preview":"max-image-preview:large","max-video-preview":"max-video-preview:-1"},"canonical":"https:\/\/vr-solucoes.com\/es\/sobre-nosotros\/","og_locale":"es_ES","og_type":"article","og_title":"Asesoria de Inversiones - \u00a1Descubra c\u00f3mo Mejorar su Negocio!","og_description":"\u00a1Desde el desarrollo del concepto de su empresa, pasando por el dise\u00f1o de interiores, la se\u00f1alizaci\u00f3n hasta la implementaci\u00f3n completa, VR Solu\u00e7\u00f5es encuentra todas las respuestas para su negocio!","og_url":"https:\/\/vr-solucoes.com\/es\/sobre-nosotros\/","og_site_name":"VR Solu\u00e7\u00f5es","article_modified_time":"2023-04-17T12:32:29+00:00","og_image":[{"width":512,"height":512,"url":"https:\/\/vr-solucoes.com\/wp-content\/uploads\/2022\/10\/cropped-logo_custom_icon_2.png","type":"image\/png"}],"twitter_card":"summary_large_image","twitter_misc":{"Tiempo de lectura":"3 minutos"},"schema":{"@context":"https:\/\/schema.org","@graph":[{"@type":"WebPage","@id":"https:\/\/vr-solucoes.com\/es\/sobre-nosotros\/","url":"https:\/\/vr-solucoes.com\/es\/sobre-nosotros\/","name":"Asesoria de Inversiones - \u00a1Descubra c\u00f3mo Mejorar su Negocio!","isPartOf":{"@id":"https:\/\/vr-solucoes.com\/#website"},"datePublished":"2021-07-10T22:14:36+00:00","dateModified":"2023-04-17T12:32:29+00:00","description":"\u00a1Desde el desarrollo del concepto de su empresa, pasando por el dise\u00f1o de interiores, la se\u00f1alizaci\u00f3n hasta la implementaci\u00f3n completa, VR Solu\u00e7\u00f5es encuentra todas las respuestas para su negocio!","breadcrumb":{"@id":"https:\/\/vr-solucoes.com\/es\/sobre-nosotros\/#breadcrumb"},"inLanguage":"es","potentialAction":[{"@type":"ReadAction","target":["https:\/\/vr-solucoes.com\/es\/sobre-nosotros\/"]}]},{"@type":"BreadcrumbList","@id":"https:\/\/vr-solucoes.com\/es\/sobre-nosotros\/#breadcrumb","itemListElement":[{"@type":"ListItem","position":1,"name":"Home","item":"https:\/\/vr-solucoes.com\/es\/"},{"@type":"ListItem","position":2,"name":"Sobre Nosotros"}]},{"@type":"WebSite","@id":"https:\/\/vr-solucoes.com\/#website","url":"https:\/\/vr-solucoes.com\/","name":"VR Solu\u00e7\u00f5es","description":"","potentialAction":[{"@type":"SearchAction","target":{"@type":"EntryPoint","urlTemplate":"https:\/\/vr-solucoes.com\/?s={search_term_string}"},"query-input":"required name=search_term_string"}],"inLanguage":"es"}]}},"_links":{"self":[{"href":"https:\/\/vr-solucoes.com\/es\/wp-json\/wp\/v2\/pages\/1914"}],"collection":[{"href":"https:\/\/vr-solucoes.com\/es\/wp-json\/wp\/v2\/pages"}],"about":[{"href":"https:\/\/vr-solucoes.com\/es\/wp-json\/wp\/v2\/types\/page"}],"author":[{"embeddable":true,"href":"https:\/\/vr-solucoes.com\/es\/wp-json\/wp\/v2\/users\/1"}],"replies":[{"embeddable":true,"href":"https:\/\/vr-solucoes.com\/es\/wp-json\/wp\/v2\/comments?post=1914"}],"version-history":[{"count":0,"href":"https:\/\/vr-solucoes.com\/es\/wp-json\/wp\/v2\/pages\/1914\/revisions"}],"wp:featuredmedia":[{"embeddable":true,"href":"https:\/\/vr-solucoes.com\/es\/wp-json\/wp\/v2\/media\/1755"}],"wp:attachment":[{"href":"https:\/\/vr-solucoes.com\/es\/wp-json\/wp\/v2\/media?parent=1914"}],"curies":[{"name":"wp","href":"https:\/\/api.w.org\/{rel}","templated":true}]}}