{"id":1912,"date":"2021-07-10T22:14:36","date_gmt":"2021-07-10T22:14:36","guid":{"rendered":"https:\/\/vr-solucoes.com\/sobre-nos\/"},"modified":"2023-04-17T12:31:40","modified_gmt":"2023-04-17T12:31:40","slug":"about-us","status":"publish","type":"page","link":"https:\/\/vr-solucoes.com\/en\/about-us\/","title":{"rendered":"About Us"},"content":{"rendered":"\t\t<div data-elementor-type=\"wp-page\" data-elementor-id=\"1912\" class=\"elementor elementor-1912 elementor-209\">\n\t\t\t\t\t\t\t\t\t<section class=\"elementor-section elementor-top-section elementor-element elementor-element-fcdacc7 elementor-section-full_width elementor-section-height-default elementor-section-height-default\" data-id=\"fcdacc7\" data-element_type=\"section\">\n\t\t\t\t\t\t<div class=\"elementor-container elementor-column-gap-no\">\n\t\t\t\t\t<div class=\"elementor-column elementor-col-100 elementor-top-column elementor-element elementor-element-89427ee\" data-id=\"89427ee\" data-element_type=\"column\">\n\t\t\t<div class=\"elementor-widget-wrap\">\n\t\t\t\t\t\t\t\t\t<\/div>\n\t\t<\/div>\n\t\t\t\t\t\t\t<\/div>\n\t\t<\/section>\n\t\t\t\t<section class=\"elementor-section elementor-top-section elementor-element elementor-element-5d38c5c elementor-section-full_width elementor-section-height-default elementor-section-height-default\" data-id=\"5d38c5c\" data-element_type=\"section\">\n\t\t\t\t\t\t<div class=\"elementor-container elementor-column-gap-no\">\n\t\t\t\t\t<div class=\"elementor-column elementor-col-100 elementor-top-column elementor-element elementor-element-c647e20\" data-id=\"c647e20\" data-element_type=\"column\">\n\t\t\t<div class=\"elementor-widget-wrap elementor-element-populated\">\n\t\t\t\t\t\t\t\t<div class=\"elementor-element elementor-element-5bde1f2 elementor-widget elementor-widget-minterio-started\" data-id=\"5bde1f2\" data-element_type=\"widget\" data-widget_type=\"minterio-started.default\">\n\t\t\t\t<div class=\"elementor-widget-container\">\n\t\t\t\n\t\t<section class=\"pager-section\" style=\"background-image: url(https:\/\/vr-solucoes.com\/wp-content\/themes\/minterio\/assets\/images\/main-banner-bg.jpg);\">\n\t\t\t<div class=\"container\">\n\t\t\t\t<div class=\"pager-info\">\n\t\t\t\t\t<ul class=\"breadcrumb\"><li><a href=\"https:\/\/vr-solucoes.com\/en\/\" title=\"VR Solu\u00e7\u00f5es\">Home<\/a><\/li><li><span><\/span><\/li><\/ul>\t\t\t\t\t\t\t\t\t\t<h2>\n\t\t\t\t\t\t<span >\n\t\t\t\t\t\t\tAbout Us\t\t\t\t\t\t<\/span>\n\t\t\t\t\t<\/h2>\n\t\t\t\t\t\t\t\t\t\t\t\t\t\t<\/div>\n\t\t\t\t<div class=\"pger-imgs\">\n\t\t\t\t\t<div class=\"abt-imgz\">\n\t\t\t\t\t\t\t\t\t\t\t\t<img src=\"\" alt=\"\" \/>\n\t\t\t\t\t\t\t\t\t\t\t\t\t\t\t\t\t\t\t\t\t\t\t\t<img src=\"\" alt=\"\" class=\"sncd-img\" \/>\n\t\t\t\t\t\t\t\t\t\t\t\t\t\t\t\t\t\t\t\t\t\t\t<\/div>\n\t\t\t\t<\/div><!--pger-imgs end-->\n\t\t\t\t<div class=\"clearfix\"><\/div>\n\t\t\t<\/div>\n\t\t<\/section><!--pager-section end-->\n\t\t\n\t\t\t\t<\/div>\n\t\t\t\t<\/div>\n\t\t\t\t<section class=\"elementor-section elementor-inner-section elementor-element elementor-element-d0bda1b elementor-section-boxed elementor-section-height-default elementor-section-height-default\" data-id=\"d0bda1b\" data-element_type=\"section\">\n\t\t\t\t\t\t<div class=\"elementor-container elementor-column-gap-default\">\n\t\t\t\t\t<div class=\"elementor-column elementor-col-100 elementor-inner-column elementor-element elementor-element-c5e3c97\" data-id=\"c5e3c97\" data-element_type=\"column\">\n\t\t\t<div class=\"elementor-widget-wrap elementor-element-populated\">\n\t\t\t\t\t\t\t\t<div class=\"elementor-element elementor-element-8b910fc elementor-widget elementor-widget-shortcode\" data-id=\"8b910fc\" data-element_type=\"widget\" data-widget_type=\"shortcode.default\">\n\t\t\t\t<div class=\"elementor-widget-container\">\n\t\t\t\t\t\t<div class=\"elementor-widget-wrap elementor-element-populated aboutPageSectionMargin\">\n\n\t\t\t\t<div class=\"elementor-element sub-title elementor-widget elementor-widget-heading\">\n\t\t\t\t\t<div class=\"elementor-widget-container\">\n\t\t\t\t\t\t<h3 class=\"elementor-heading-title elementor-size-default\">VR Solu\u00e7\u00f5es<\/h3>\n\t\t\t\t\t<\/div>\n\t\t\t\t<\/div>\n\t\t\t\t<div class=\"elementor-element elementor-element-bbed150 elementor-widget elementor-widget-text-editor\">\n\t\t\t\t\t<div class=\"elementor-widget-container\">\n\t\t\t\t\t\t<p>VR Solu\u00e7\u00f5es is the commercial designation of Solu\u00e7\u00f5es1oofim, ld\u00aa, which operates in the field of commercial representations and services since 2015, with special focus on the sectors of hotels, restaurants, shops, services, professionals, health, home and garden.<\/p>\n<p>VR Solu\u00e7\u00f5es has established partnerships with solid and experienced companies in Portugal and Europe, having been diversifying its offer in order to meet the needs of the market.<\/p>\n<p>We seek to be at the forefront of the most advanced technologies and products that stand out for their quality and, above all, effectiveness in responding to your needs.<\/p>\n<p>We are a partner for your investment or business project, where you can find a very comprehensive set of solutions, seeking to meet all your needs.<\/p>\n<p>From the development of the concept of your enterprise, project feasibility consultancy, interior design, decoration, interior and exterior signage, furniture, textiles, accessories, access control, communication technologies, wifi, and software&#8230; pleased to give you the key to the success of your enterprise.<\/p>\n<p>We have a set of partners that work at the highest international level, in different areas of action of a project, providing you with a single interlocutor to find the solutions that best fit your new project.<\/p>\n<p>VR Solu\u00e7\u00f5es proposes to be your partner in the execution of your project with the appropriate qualitative solutions for each phase of its development.<\/p>\n<p>Consult us!<\/p>\n\t\t\t\t\t<\/div>\n\t\t\t\t<\/div>\n\t\t\t\t<div class=\"elementor-element elementor-element-493b91a elementor-widget elementor-widget-image-gallery aboutPageSectionGallery\">\n\t\t\t\t\t<div class=\"elementor-widget-container\">\n\t\t\t\t\t\t<div class=\"elementor-image-gallery\">\n\t\t\t\t\t\t\t<div class=\"gallery galleryid-209 flexAlign gallery-columns-4 gallery-size-large\">\n\t\t\t\t\t\t\t\t\t\t\t\t\t\t\t<\/div>\n\t\t\t\t\t\t<\/div>\n\t\t\t\t\t<\/div>\n\t\t\t\t<\/div>\n\t\t\t<\/div>\n\n\n\t\t<div class=\"elementor-shortcode\"><\/div>\n\t\t\t\t<\/div>\n\t\t\t\t<\/div>\n\t\t\t\t\t<\/div>\n\t\t<\/div>\n\t\t\t\t\t\t\t<\/div>\n\t\t<\/section>\n\t\t\t\t<section class=\"elementor-section elementor-inner-section elementor-element elementor-element-ef7c79a elementor-section-boxed elementor-section-height-default elementor-section-height-default\" data-id=\"ef7c79a\" data-element_type=\"section\">\n\t\t\t\t\t\t<div class=\"elementor-container elementor-column-gap-default\">\n\t\t\t\t\t<div class=\"elementor-column elementor-col-100 elementor-inner-column elementor-element elementor-element-949f8b3\" data-id=\"949f8b3\" data-element_type=\"column\">\n\t\t\t<div class=\"elementor-widget-wrap elementor-element-populated\">\n\t\t\t\t\t\t\t\t<div class=\"elementor-element elementor-element-dfd2f74 elementor-widget elementor-widget-shortcode\" data-id=\"dfd2f74\" data-element_type=\"widget\" data-widget_type=\"shortcode.default\">\n\t\t\t\t<div class=\"elementor-widget-container\">\n\t\t\t\t\n\t\t\t\t<div class=\"partners\">\n\t\t\t\t\t\t\t\t<\/div>\n\t\t\n\t\t\t\t\t\n\t\t\t<div class=\"elementor-shortcode\"><\/div>\n\t\t\t\t<\/div>\n\t\t\t\t<\/div>\n\t\t\t\t\t<\/div>\n\t\t<\/div>\n\t\t\t\t\t\t\t<\/div>\n\t\t<\/section>\n\t\t\t\t\t<\/div>\n\t\t<\/div>\n\t\t\t\t\t\t\t<\/div>\n\t\t<\/section>\n\t\t\t\t\t\t\t<\/div>\n\t\t","protected":false},"excerpt":{"rendered":"<p>Home About Us<\/p>\n","protected":false},"author":1,"featured_media":1753,"parent":0,"menu_order":0,"comment_status":"closed","ping_status":"closed","template":"about_template.php","meta":[],"acf":[],"yoast_head":"<!-- This site is optimized with the Yoast SEO plugin v19.9 - https:\/\/yoast.com\/wordpress\/plugins\/seo\/ -->\n<title>Investment Consulting - Learn how to improve your Business!<\/title>\n<meta name=\"description\" content=\"From the development of the concept of your enterprise through interior design, signage to full implementation, VR Solu\u00e7\u00f5es finds all the answers for your business!\" \/>\n<meta name=\"robots\" content=\"index, follow, max-snippet:-1, max-image-preview:large, max-video-preview:-1\" \/>\n<link rel=\"canonical\" href=\"https:\/\/vr-solucoes.com\/en\/about-us\/\" \/>\n<meta property=\"og:locale\" content=\"en_US\" \/>\n<meta property=\"og:type\" content=\"article\" \/>\n<meta property=\"og:title\" content=\"Investment Consulting - Learn how to improve your Business!\" \/>\n<meta property=\"og:description\" content=\"From the development of the concept of your enterprise through interior design, signage to full implementation, VR Solu\u00e7\u00f5es finds all the answers for your business!\" \/>\n<meta property=\"og:url\" content=\"https:\/\/vr-solucoes.com\/en\/about-us\/\" \/>\n<meta property=\"og:site_name\" content=\"VR Solu\u00e7\u00f5es\" \/>\n<meta property=\"article:modified_time\" content=\"2023-04-17T12:31:40+00:00\" \/>\n<meta property=\"og:image\" content=\"https:\/\/vr-solucoes.com\/wp-content\/uploads\/2022\/10\/cropped-logo_custom_icon_2.png\" \/>\n\t<meta property=\"og:image:width\" content=\"512\" \/>\n\t<meta property=\"og:image:height\" content=\"512\" \/>\n\t<meta property=\"og:image:type\" content=\"image\/png\" \/>\n<meta name=\"twitter:card\" content=\"summary_large_image\" \/>\n<meta name=\"twitter:label1\" content=\"Est. reading time\" \/>\n\t<meta name=\"twitter:data1\" content=\"3 minutes\" \/>\n<script type=\"application\/ld+json\" class=\"yoast-schema-graph\">{\"@context\":\"https:\/\/schema.org\",\"@graph\":[{\"@type\":\"WebPage\",\"@id\":\"https:\/\/vr-solucoes.com\/en\/about-us\/\",\"url\":\"https:\/\/vr-solucoes.com\/en\/about-us\/\",\"name\":\"Investment Consulting - Learn how to improve your Business!\",\"isPartOf\":{\"@id\":\"https:\/\/vr-solucoes.com\/#website\"},\"datePublished\":\"2021-07-10T22:14:36+00:00\",\"dateModified\":\"2023-04-17T12:31:40+00:00\",\"description\":\"From the development of the concept of your enterprise through interior design, signage to full implementation, VR Solu\u00e7\u00f5es finds all the answers for your business!\",\"breadcrumb\":{\"@id\":\"https:\/\/vr-solucoes.com\/en\/about-us\/#breadcrumb\"},\"inLanguage\":\"en-US\",\"potentialAction\":[{\"@type\":\"ReadAction\",\"target\":[\"https:\/\/vr-solucoes.com\/en\/about-us\/\"]}]},{\"@type\":\"BreadcrumbList\",\"@id\":\"https:\/\/vr-solucoes.com\/en\/about-us\/#breadcrumb\",\"itemListElement\":[{\"@type\":\"ListItem\",\"position\":1,\"name\":\"Home\",\"item\":\"https:\/\/vr-solucoes.com\/en\/\"},{\"@type\":\"ListItem\",\"position\":2,\"name\":\"About Us\"}]},{\"@type\":\"WebSite\",\"@id\":\"https:\/\/vr-solucoes.com\/#website\",\"url\":\"https:\/\/vr-solucoes.com\/\",\"name\":\"VR Solu\u00e7\u00f5es\",\"description\":\"\",\"potentialAction\":[{\"@type\":\"SearchAction\",\"target\":{\"@type\":\"EntryPoint\",\"urlTemplate\":\"https:\/\/vr-solucoes.com\/?s={search_term_string}\"},\"query-input\":\"required name=search_term_string\"}],\"inLanguage\":\"en-US\"}]}<\/script>\n<!-- \/ Yoast SEO plugin. -->","yoast_head_json":{"title":"Investment Consulting - Learn how to improve your Business!","description":"From the development of the concept of your enterprise through interior design, signage to full implementation, VR Solu\u00e7\u00f5es finds all the answers for your business!","robots":{"index":"index","follow":"follow","max-snippet":"max-snippet:-1","max-image-preview":"max-image-preview:large","max-video-preview":"max-video-preview:-1"},"canonical":"https:\/\/vr-solucoes.com\/en\/about-us\/","og_locale":"en_US","og_type":"article","og_title":"Investment Consulting - Learn how to improve your Business!","og_description":"From the development of the concept of your enterprise through interior design, signage to full implementation, VR Solu\u00e7\u00f5es finds all the answers for your business!","og_url":"https:\/\/vr-solucoes.com\/en\/about-us\/","og_site_name":"VR Solu\u00e7\u00f5es","article_modified_time":"2023-04-17T12:31:40+00:00","og_image":[{"width":512,"height":512,"url":"https:\/\/vr-solucoes.com\/wp-content\/uploads\/2022\/10\/cropped-logo_custom_icon_2.png","type":"image\/png"}],"twitter_card":"summary_large_image","twitter_misc":{"Est. reading time":"3 minutes"},"schema":{"@context":"https:\/\/schema.org","@graph":[{"@type":"WebPage","@id":"https:\/\/vr-solucoes.com\/en\/about-us\/","url":"https:\/\/vr-solucoes.com\/en\/about-us\/","name":"Investment Consulting - Learn how to improve your Business!","isPartOf":{"@id":"https:\/\/vr-solucoes.com\/#website"},"datePublished":"2021-07-10T22:14:36+00:00","dateModified":"2023-04-17T12:31:40+00:00","description":"From the development of the concept of your enterprise through interior design, signage to full implementation, VR Solu\u00e7\u00f5es finds all the answers for your business!","breadcrumb":{"@id":"https:\/\/vr-solucoes.com\/en\/about-us\/#breadcrumb"},"inLanguage":"en-US","potentialAction":[{"@type":"ReadAction","target":["https:\/\/vr-solucoes.com\/en\/about-us\/"]}]},{"@type":"BreadcrumbList","@id":"https:\/\/vr-solucoes.com\/en\/about-us\/#breadcrumb","itemListElement":[{"@type":"ListItem","position":1,"name":"Home","item":"https:\/\/vr-solucoes.com\/en\/"},{"@type":"ListItem","position":2,"name":"About Us"}]},{"@type":"WebSite","@id":"https:\/\/vr-solucoes.com\/#website","url":"https:\/\/vr-solucoes.com\/","name":"VR Solu\u00e7\u00f5es","description":"","potentialAction":[{"@type":"SearchAction","target":{"@type":"EntryPoint","urlTemplate":"https:\/\/vr-solucoes.com\/?s={search_term_string}"},"query-input":"required name=search_term_string"}],"inLanguage":"en-US"}]}},"_links":{"self":[{"href":"https:\/\/vr-solucoes.com\/en\/wp-json\/wp\/v2\/pages\/1912"}],"collection":[{"href":"https:\/\/vr-solucoes.com\/en\/wp-json\/wp\/v2\/pages"}],"about":[{"href":"https:\/\/vr-solucoes.com\/en\/wp-json\/wp\/v2\/types\/page"}],"author":[{"embeddable":true,"href":"https:\/\/vr-solucoes.com\/en\/wp-json\/wp\/v2\/users\/1"}],"replies":[{"embeddable":true,"href":"https:\/\/vr-solucoes.com\/en\/wp-json\/wp\/v2\/comments?post=1912"}],"version-history":[{"count":0,"href":"https:\/\/vr-solucoes.com\/en\/wp-json\/wp\/v2\/pages\/1912\/revisions"}],"wp:featuredmedia":[{"embeddable":true,"href":"https:\/\/vr-solucoes.com\/en\/wp-json\/wp\/v2\/media\/1753"}],"wp:attachment":[{"href":"https:\/\/vr-solucoes.com\/en\/wp-json\/wp\/v2\/media?parent=1912"}],"curies":[{"name":"wp","href":"https:\/\/api.w.org\/{rel}","templated":true}]}}